{"id":5232,"date":"2021-10-31T15:55:35","date_gmt":"2021-10-31T14:55:35","guid":{"rendered":"https:\/\/gites-erable-alsace.com\/kontakt\/"},"modified":"2026-03-18T16:41:53","modified_gmt":"2026-03-18T15:41:53","slug":"kontakt","status":"publish","type":"page","link":"https:\/\/gites-erable-alsace.com\/de\/kontakt\/","title":{"rendered":"Kontakt"},"content":{"rendered":"\t\t<div data-elementor-type=\"wp-page\" data-elementor-id=\"5232\" class=\"elementor elementor-5232 elementor-135\" data-elementor-post-type=\"page\">\n\t\t\t\t<div class=\"elementor-element elementor-element-3daefbd e-con-full e-flex e-con e-parent\" data-id=\"3daefbd\" data-element_type=\"container\" data-e-type=\"container\" data-settings=\"{&quot;background_background&quot;:&quot;classic&quot;}\">\n\t\t<div class=\"elementor-element elementor-element-8eb8a7b e-con-full e-flex e-con e-child\" data-id=\"8eb8a7b\" data-element_type=\"container\" data-e-type=\"container\">\n\t\t\t\t<div class=\"elementor-element elementor-element-a065095 elementor-align-left elementor-widget elementor-widget-breadcrumbs\" data-id=\"a065095\" data-element_type=\"widget\" data-e-type=\"widget\" data-widget_type=\"breadcrumbs.default\">\n\t\t\t\t\t<p id=\"breadcrumbs\">\tg\u00eetes et chambres\n<span><span><a href=\"https:\/\/gites-erable-alsace.com\/de\/\">l'\u00c9rable<\/a><\/span><\/span><\/p>\t\t\t\t<\/div>\n\t\t\t\t<\/div>\n\t\t<div class=\"elementor-element elementor-element-5681cd9 e-con-full e-flex e-con e-child\" data-id=\"5681cd9\" data-element_type=\"container\" data-e-type=\"container\">\n\t\t\t\t<div class=\"elementor-element elementor-element-dde734a elementor-widget elementor-widget-heading\" data-id=\"dde734a\" data-element_type=\"widget\" data-e-type=\"widget\" data-widget_type=\"heading.default\">\n\t\t\t\t\t<h2 class=\"elementor-heading-title elementor-size-default\">Kontakt<\/h2>\t\t\t\t<\/div>\n\t\t\t\t<div class=\"elementor-element elementor-element-76360ae elementor-widget-laptop__width-initial elementor-widget elementor-widget-text-editor\" data-id=\"76360ae\" data-element_type=\"widget\" data-e-type=\"widget\" data-widget_type=\"text-editor.default\">\n\t\t\t\t\t\t\t\t\t<p>Kontakt, Anfahrtsbeschreibung und Lage der Unterkunft L&#8217;\u00c9rable in Beblenheim, im Herzen des Elsass. 65 km s\u00fcdlich von <a class=\"wiki2\" href=\"https:\/\/www.strasbourg.eu\/\" target=\"_blank\" rel=\"noopener\">Stra\u00dfburg<\/a> gelegen.  13 km westlich von <a class=\"wiki2\" href=\"https:\/\/www.colmar.fr\/\" target=\"_blank\" rel=\"noopener\">Colmar<\/a>. 57 km n\u00f6rdlich von <a class=\"wiki2\" href=\"https:\/\/www.mulhouse.fr\/\" target=\"_blank\" rel=\"noopener\">Mulhouse<\/a> und 78 km n\u00f6rdlich von <a class=\"wiki2\" href=\"https:\/\/www.basel.com\/fr\" target=\"_blank\" rel=\"noopener\">Basel<\/a>. 65 km westlich von <a class=\"wiki2\" href=\"https:\/\/visit.freiburg.de\/fr\" target=\"_blank\" rel=\"noopener\">Freiburg im Breisgau<\/a>. 28 km \u00f6stlich von Col du Bonhomme und 40 km n\u00f6rdlich von Col de la Schlucht. <a class=\"wiki2\" target=\"_blank\" rel=\"noopener\">Europa-Park<\/a> in Rust, nur 44 km entfernt.<\/p>\t\t\t\t\t\t\t\t<\/div>\n\t\t\t\t<\/div>\n\t\t\t\t<\/div>\n\t\t<div class=\"elementor-element elementor-element-6004801 e-con-full e-flex e-con e-parent\" data-id=\"6004801\" data-element_type=\"container\" data-e-type=\"container\" data-settings=\"{&quot;background_background&quot;:&quot;classic&quot;}\">\n\t\t<div class=\"elementor-element elementor-element-902ddc3 e-con-full e-flex e-con e-child\" data-id=\"902ddc3\" data-element_type=\"container\" data-e-type=\"container\">\n\t\t\t\t<div class=\"elementor-element elementor-element-004dad9 elementor-cta--layout-image-left elementor-cta--valign-middle elementor-cta--skin-classic elementor-animated-content elementor-widget elementor-widget-call-to-action\" data-id=\"004dad9\" data-element_type=\"widget\" data-e-type=\"widget\" data-widget_type=\"call-to-action.default\">\n\t\t\t\t\t\t\t<div class=\"elementor-cta\">\n\t\t\t\t\t<div class=\"elementor-cta__bg-wrapper\">\n\t\t\t\t<div class=\"elementor-cta__bg elementor-bg\" style=\"background-image: url(https:\/\/gites-erable-alsace.com\/wp-content\/uploads\/2021\/10\/maps-beblenheim.jpg);\" role=\"img\" aria-label=\"maps beblenheim\"><\/div>\n\t\t\t\t<div class=\"elementor-cta__bg-overlay\"><\/div>\n\t\t\t<\/div>\n\t\t\t\t\t\t\t<div class=\"elementor-cta__content\">\n\t\t\t\t\n\t\t\t\t\t\t\t\t\t<h2 class=\"elementor-cta__title elementor-cta__content-item elementor-content-item\">\n\t\t\t\t\t\tMit Google suchen\t\t\t\t\t<\/h2>\n\t\t\t\t\n\t\t\t\t\t\t\t\t\t<div class=\"elementor-cta__description elementor-cta__content-item elementor-content-item\">\n\t\t\t\t\t\tGoogle Maps, um Ihre Route zu planen und uns anzuschlie\u00dfen\t\t\t\t\t<\/div>\n\t\t\t\t\n\t\t\t\t\t\t\t\t\t<div class=\"elementor-cta__button-wrapper elementor-cta__content-item elementor-content-item \">\n\t\t\t\t\t<a class=\"elementor-cta__button elementor-button elementor-size-\" href=\"https:\/\/goo.gl\/maps\/KtVjziYVh4dmg2aK6\" target=\"_blank\">\n\t\t\t\t\t\tReiseverlauf\t\t\t\t\t<\/a>\n\t\t\t\t\t<\/div>\n\t\t\t\t\t\t\t<\/div>\n\t\t\t\t\t\t<\/div>\n\t\t\t\t\t\t<\/div>\n\t\t\t\t<div class=\"elementor-element elementor-element-1ad0faa premium-lq__none elementor-widget elementor-widget-premium-addon-button\" data-id=\"1ad0faa\" data-element_type=\"widget\" data-e-type=\"widget\" data-widget_type=\"premium-addon-button.default\">\n\t\t\t\t\t\n\n\t\t<a class=\"premium-button premium-button-none premium-btn-lg premium-button-none\" href=\"mailto:info@gites-erable-alsace.com?subject=Messagerie%20Internet\">\n\t\t\t<div class=\"premium-button-text-icon-wrapper\">\n\t\t\t\t\n\t\t\t\t\t\t\t\t\t<span >\n\t\t\t\t\t\tSchreiben Sie uns\t\t\t\t\t<\/span>\n\t\t\t\t\t\t\t<\/div>\n\n\t\t\t\n\t\t\t\n\t\t\t\n\t\t<\/a>\n\n\n\t\t\t\t\t\t<\/div>\n\t\t\t\t<\/div>\n\t\t\t\t<\/div>\n\t\t\t\t<\/div>\n\t\t","protected":false},"excerpt":{"rendered":"<p>Kontakt Kontakt, Anfahrtsbeschreibung und Lage der Unterkunft L&#8217;\u00c9rable in Beblenheim, im Herzen des Elsass. 65 km s\u00fcdlich von Stra\u00dfburg gelegen. 13 km westlich von Colmar. 57 km n\u00f6rdlich von Mulhouse und 78 km n\u00f6rdlich von Basel. 65 km westlich von Freiburg im Breisgau. 28 km \u00f6stlich von Col du Bonhomme und 40 km n\u00f6rdlich von [&hellip;]<\/p>\n","protected":false},"author":1,"featured_media":0,"parent":0,"menu_order":0,"comment_status":"closed","ping_status":"closed","template":"elementor_header_footer","meta":{"footnotes":""},"class_list":["post-5232","page","type-page","status-publish","hentry"],"yoast_head":"<!-- This site is optimized with the Yoast SEO plugin v27.4 - https:\/\/yoast.com\/product\/yoast-seo-wordpress\/ -->\n<title>Telefonkontakt und Nachrichten\u00fcbermittlung f\u00fcr Gites und G\u00e4stzimmer in L&#039;\u00c9rable<\/title>\n<meta name=\"description\" content=\"Telefonkontakt und Voicemail der Lodges und Bed and Breakfast L&#039;\u00c9rable in Beblenheim im Herzen der els\u00e4ssischen Weinberge bei Deutschland.\" \/>\n<meta name=\"robots\" content=\"index, follow, max-snippet:-1, max-image-preview:large, max-video-preview:-1\" \/>\n<link rel=\"canonical\" href=\"https:\/\/gites-erable-alsace.com\/de\/kontakt\/\" \/>\n<meta property=\"og:locale\" content=\"de_DE\" \/>\n<meta property=\"og:type\" content=\"article\" \/>\n<meta property=\"og:title\" content=\"Telefonkontakt und Nachrichten\u00fcbermittlung f\u00fcr Gites und G\u00e4stzimmer in L&#039;\u00c9rable\" \/>\n<meta property=\"og:description\" content=\"Telefonkontakt und Voicemail der Lodges und Bed and Breakfast L&#039;\u00c9rable in Beblenheim im Herzen der els\u00e4ssischen Weinberge bei Deutschland.\" \/>\n<meta property=\"og:url\" content=\"https:\/\/gites-erable-alsace.com\/de\/kontakt\/\" \/>\n<meta property=\"og:site_name\" content=\"Gites l&#039;\u00c9rable\" \/>\n<meta property=\"article:publisher\" content=\"https:\/\/www.facebook.com\/gitelerable.alsace\/\" \/>\n<meta property=\"article:modified_time\" content=\"2026-03-18T15:41:53+00:00\" \/>\n<meta name=\"twitter:card\" content=\"summary_large_image\" \/>\n<script type=\"application\/ld+json\" class=\"yoast-schema-graph\">{\"@context\":\"https:\\\/\\\/schema.org\",\"@graph\":[{\"@type\":\"WebPage\",\"@id\":\"https:\\\/\\\/gites-erable-alsace.com\\\/de\\\/kontakt\\\/\",\"url\":\"https:\\\/\\\/gites-erable-alsace.com\\\/de\\\/kontakt\\\/\",\"name\":\"Telefonkontakt und Nachrichten\u00fcbermittlung f\u00fcr Gites und G\u00e4stzimmer in L'\u00c9rable\",\"isPartOf\":{\"@id\":\"https:\\\/\\\/gites-erable-alsace.com\\\/de\\\/#website\"},\"datePublished\":\"2021-10-31T14:55:35+00:00\",\"dateModified\":\"2026-03-18T15:41:53+00:00\",\"description\":\"Telefonkontakt und Voicemail der Lodges und Bed and Breakfast L'\u00c9rable in Beblenheim im Herzen der els\u00e4ssischen Weinberge bei Deutschland.\",\"breadcrumb\":{\"@id\":\"https:\\\/\\\/gites-erable-alsace.com\\\/de\\\/kontakt\\\/#breadcrumb\"},\"inLanguage\":\"de\",\"potentialAction\":[{\"@type\":\"ReadAction\",\"target\":[\"https:\\\/\\\/gites-erable-alsace.com\\\/de\\\/kontakt\\\/\"]}]},{\"@type\":\"BreadcrumbList\",\"@id\":\"https:\\\/\\\/gites-erable-alsace.com\\\/de\\\/kontakt\\\/#breadcrumb\",\"itemListElement\":[{\"@type\":\"ListItem\",\"position\":1,\"name\":\"l'\u00c9rable\",\"item\":\"https:\\\/\\\/gites-erable-alsace.com\\\/de\\\/\"},{\"@type\":\"ListItem\",\"position\":2,\"name\":\"Kontakt\"}]},{\"@type\":\"WebSite\",\"@id\":\"https:\\\/\\\/gites-erable-alsace.com\\\/de\\\/#website\",\"url\":\"https:\\\/\\\/gites-erable-alsace.com\\\/de\\\/\",\"name\":\"Gites l&#039;\u00c9rable\",\"description\":\"Unterkunft im Herzen des Elsass\",\"publisher\":{\"@id\":\"https:\\\/\\\/gites-erable-alsace.com\\\/de\\\/#organization\"},\"potentialAction\":[{\"@type\":\"SearchAction\",\"target\":{\"@type\":\"EntryPoint\",\"urlTemplate\":\"https:\\\/\\\/gites-erable-alsace.com\\\/de\\\/?s={search_term_string}\"},\"query-input\":{\"@type\":\"PropertyValueSpecification\",\"valueRequired\":true,\"valueName\":\"search_term_string\"}}],\"inLanguage\":\"de\"},{\"@type\":\"Organization\",\"@id\":\"https:\\\/\\\/gites-erable-alsace.com\\\/de\\\/#organization\",\"name\":\"G\u00eetes l'\u00c9rable\",\"url\":\"https:\\\/\\\/gites-erable-alsace.com\\\/de\\\/\",\"logo\":{\"@type\":\"ImageObject\",\"inLanguage\":\"de\",\"@id\":\"https:\\\/\\\/gites-erable-alsace.com\\\/de\\\/#\\\/schema\\\/logo\\\/image\\\/\",\"url\":\"https:\\\/\\\/gites-erable-alsace.com\\\/wp-content\\\/uploads\\\/2021\\\/10\\\/logo-residence-erable-150.png\",\"contentUrl\":\"https:\\\/\\\/gites-erable-alsace.com\\\/wp-content\\\/uploads\\\/2021\\\/10\\\/logo-residence-erable-150.png\",\"width\":210,\"height\":150,\"caption\":\"G\u00eetes l'\u00c9rable\"},\"image\":{\"@id\":\"https:\\\/\\\/gites-erable-alsace.com\\\/de\\\/#\\\/schema\\\/logo\\\/image\\\/\"},\"sameAs\":[\"https:\\\/\\\/www.facebook.com\\\/gitelerable.alsace\\\/\"]}]}<\/script>\n<!-- \/ Yoast SEO plugin. -->","yoast_head_json":{"title":"Telefonkontakt und Nachrichten\u00fcbermittlung f\u00fcr Gites und G\u00e4stzimmer in L'\u00c9rable","description":"Telefonkontakt und Voicemail der Lodges und Bed and Breakfast L'\u00c9rable in Beblenheim im Herzen der els\u00e4ssischen Weinberge bei Deutschland.","robots":{"index":"index","follow":"follow","max-snippet":"max-snippet:-1","max-image-preview":"max-image-preview:large","max-video-preview":"max-video-preview:-1"},"canonical":"https:\/\/gites-erable-alsace.com\/de\/kontakt\/","og_locale":"de_DE","og_type":"article","og_title":"Telefonkontakt und Nachrichten\u00fcbermittlung f\u00fcr Gites und G\u00e4stzimmer in L'\u00c9rable","og_description":"Telefonkontakt und Voicemail der Lodges und Bed and Breakfast L'\u00c9rable in Beblenheim im Herzen der els\u00e4ssischen Weinberge bei Deutschland.","og_url":"https:\/\/gites-erable-alsace.com\/de\/kontakt\/","og_site_name":"Gites l'\u00c9rable","article_publisher":"https:\/\/www.facebook.com\/gitelerable.alsace\/","article_modified_time":"2026-03-18T15:41:53+00:00","twitter_card":"summary_large_image","schema":{"@context":"https:\/\/schema.org","@graph":[{"@type":"WebPage","@id":"https:\/\/gites-erable-alsace.com\/de\/kontakt\/","url":"https:\/\/gites-erable-alsace.com\/de\/kontakt\/","name":"Telefonkontakt und Nachrichten\u00fcbermittlung f\u00fcr Gites und G\u00e4stzimmer in L'\u00c9rable","isPartOf":{"@id":"https:\/\/gites-erable-alsace.com\/de\/#website"},"datePublished":"2021-10-31T14:55:35+00:00","dateModified":"2026-03-18T15:41:53+00:00","description":"Telefonkontakt und Voicemail der Lodges und Bed and Breakfast L'\u00c9rable in Beblenheim im Herzen der els\u00e4ssischen Weinberge bei Deutschland.","breadcrumb":{"@id":"https:\/\/gites-erable-alsace.com\/de\/kontakt\/#breadcrumb"},"inLanguage":"de","potentialAction":[{"@type":"ReadAction","target":["https:\/\/gites-erable-alsace.com\/de\/kontakt\/"]}]},{"@type":"BreadcrumbList","@id":"https:\/\/gites-erable-alsace.com\/de\/kontakt\/#breadcrumb","itemListElement":[{"@type":"ListItem","position":1,"name":"l'\u00c9rable","item":"https:\/\/gites-erable-alsace.com\/de\/"},{"@type":"ListItem","position":2,"name":"Kontakt"}]},{"@type":"WebSite","@id":"https:\/\/gites-erable-alsace.com\/de\/#website","url":"https:\/\/gites-erable-alsace.com\/de\/","name":"Gites l&#039;\u00c9rable","description":"Unterkunft im Herzen des Elsass","publisher":{"@id":"https:\/\/gites-erable-alsace.com\/de\/#organization"},"potentialAction":[{"@type":"SearchAction","target":{"@type":"EntryPoint","urlTemplate":"https:\/\/gites-erable-alsace.com\/de\/?s={search_term_string}"},"query-input":{"@type":"PropertyValueSpecification","valueRequired":true,"valueName":"search_term_string"}}],"inLanguage":"de"},{"@type":"Organization","@id":"https:\/\/gites-erable-alsace.com\/de\/#organization","name":"G\u00eetes l'\u00c9rable","url":"https:\/\/gites-erable-alsace.com\/de\/","logo":{"@type":"ImageObject","inLanguage":"de","@id":"https:\/\/gites-erable-alsace.com\/de\/#\/schema\/logo\/image\/","url":"https:\/\/gites-erable-alsace.com\/wp-content\/uploads\/2021\/10\/logo-residence-erable-150.png","contentUrl":"https:\/\/gites-erable-alsace.com\/wp-content\/uploads\/2021\/10\/logo-residence-erable-150.png","width":210,"height":150,"caption":"G\u00eetes l'\u00c9rable"},"image":{"@id":"https:\/\/gites-erable-alsace.com\/de\/#\/schema\/logo\/image\/"},"sameAs":["https:\/\/www.facebook.com\/gitelerable.alsace\/"]}]}},"_links":{"self":[{"href":"https:\/\/gites-erable-alsace.com\/de\/wp-json\/wp\/v2\/pages\/5232","targetHints":{"allow":["GET"]}}],"collection":[{"href":"https:\/\/gites-erable-alsace.com\/de\/wp-json\/wp\/v2\/pages"}],"about":[{"href":"https:\/\/gites-erable-alsace.com\/de\/wp-json\/wp\/v2\/types\/page"}],"author":[{"embeddable":true,"href":"https:\/\/gites-erable-alsace.com\/de\/wp-json\/wp\/v2\/users\/1"}],"replies":[{"embeddable":true,"href":"https:\/\/gites-erable-alsace.com\/de\/wp-json\/wp\/v2\/comments?post=5232"}],"version-history":[{"count":2,"href":"https:\/\/gites-erable-alsace.com\/de\/wp-json\/wp\/v2\/pages\/5232\/revisions"}],"predecessor-version":[{"id":18941,"href":"https:\/\/gites-erable-alsace.com\/de\/wp-json\/wp\/v2\/pages\/5232\/revisions\/18941"}],"wp:attachment":[{"href":"https:\/\/gites-erable-alsace.com\/de\/wp-json\/wp\/v2\/media?parent=5232"}],"curies":[{"name":"wp","href":"https:\/\/api.w.org\/{rel}","templated":true}]}}